{"id":339,"date":"2018-01-22T15:11:07","date_gmt":"2018-01-22T19:11:07","guid":{"rendered":"http:\/\/ayuntamiento.o\/transparencia\/?page_id=339"},"modified":"2022-09-07T11:02:26","modified_gmt":"2022-09-07T15:02:26","slug":"como-ser-proveedor","status":"publish","type":"page","link":"https:\/\/ayuntamientofantino.gob.do\/transparencia\/como-ser-proveedor\/","title":{"rendered":"\u00bfC\u00f3mo ser proveedor?"},"content":{"rendered":"<h4>Debes estar inscrito\/a en el Registro de Proveedores del Estado, a continuaci\u00f3n te explicamos como hacerlo:<\/h4>\n<p>La inscripci\u00f3n en el Registro de Proveedores del Estado puede realizarse f\u00edsicamente o mediante la solicitud de inscripci\u00f3n digital, la cual ser\u00e1 aprobada al momento de completar la documentaci\u00f3n requerida en oficina de Compras y Contrataciones.<\/p>\n<p><a href=\"http:\/\/ayuntamientofantino.gob.do\/transparencia\/wp-content\/uploads\/2021\/01\/FORMULARIO-REGISTRO-PROVEEDORES.pdf\">Formulario R<\/a><\/p>\n<ol>\n<li>El oferente debe depositar toda la documentaci\u00f3n requerida en las oficinas del Registro de Proveedores del Estado (ver links anexos para ampliar informaci\u00f3n), en la Direcci\u00f3n General de Contrataciones P\u00fablicas, \u00fanico organismo autorizado para otorgar este registro.<\/li>\n<li>Entregada la documentaci\u00f3n completa, se procede a certificar y validar las mismas.<\/li>\n<li>Validadas las informaciones se procede aprobar y a otorgar el n\u00famero de proveedor en el Registro de Proveedores del Estado.<\/li>\n<li>Despu\u00e9s de aprobado el expediente puede pasar por las oficinas del Registro de Proveedores del Estado a recoger su constancia de inscripci\u00f3n o imprimirla por medio del portal\u00a0https:\/\/www.dgcp.gob.do<\/li>\n<\/ol>\n<p>&nbsp;<\/p>\n<blockquote class=\"wp-embedded-content\" data-secret=\"C2KP7vSf7d\"><p><a href=\"https:\/\/www.dgcp.gob.do\/servicios\/registro-de-proveedores\/\">Inscripci\u00f3n en el Registro de Proveedores y Registro de Cuenta Bancaria para Pagos del Estado<\/a><\/p><\/blockquote>\n<p><iframe class=\"wp-embedded-content\" sandbox=\"allow-scripts\" security=\"restricted\" style=\"position: absolute; clip: rect(1px, 1px, 1px, 1px);\" src=\"https:\/\/www.dgcp.gob.do\/servicios\/registro-de-proveedores\/embed\/#?secret=C2KP7vSf7d\" data-secret=\"C2KP7vSf7d\" width=\"600\" height=\"338\" title=\"\u00abInscripci\u00f3n en el Registro de Proveedores y Registro de Cuenta Bancaria para Pagos del Estado\u00bb \u2014 Direcci\u00f3n General de Contrataciones P\u00fablicas\" frameborder=\"0\" marginwidth=\"0\" marginheight=\"0\" scrolling=\"no\"><\/iframe><\/p>\n<p class=\"paragraph ng-attr-widget\"><span class=\"ng-directive ng-binding\">https:\/\/www.dgcp.gob.do\/servicios\/registro-de-proveedores\/requisitos-para-inscribirse<\/span><\/p>\n<p class=\"paragraph ng-attr-widget\">\n","protected":false},"excerpt":{"rendered":"Debes estar inscrito\/a en el Registro de Proveedores del Estado, a continuaci\u00f3n te explicamos como hacerlo: La inscripci\u00f3n en el Registro de Proveedores del Estado puede realizarse f\u00edsicamente o mediante la solicitud de inscripci\u00f3n digital, la cual ser\u00e1 aprobada al momento de completar la documentaci\u00f3n requerida en oficina de Compras y Contrataciones. Formulario R El&#8230;","protected":false},"author":5,"featured_media":0,"parent":0,"menu_order":0,"comment_status":"closed","ping_status":"closed","template":"","meta":[],"acf":[],"_links":{"self":[{"href":"https:\/\/ayuntamientofantino.gob.do\/transparencia\/wp-json\/wp\/v2\/pages\/339"}],"collection":[{"href":"https:\/\/ayuntamientofantino.gob.do\/transparencia\/wp-json\/wp\/v2\/pages"}],"about":[{"href":"https:\/\/ayuntamientofantino.gob.do\/transparencia\/wp-json\/wp\/v2\/types\/page"}],"author":[{"embeddable":true,"href":"https:\/\/ayuntamientofantino.gob.do\/transparencia\/wp-json\/wp\/v2\/users\/5"}],"replies":[{"embeddable":true,"href":"https:\/\/ayuntamientofantino.gob.do\/transparencia\/wp-json\/wp\/v2\/comments?post=339"}],"version-history":[{"count":3,"href":"https:\/\/ayuntamientofantino.gob.do\/transparencia\/wp-json\/wp\/v2\/pages\/339\/revisions"}],"predecessor-version":[{"id":373,"href":"https:\/\/ayuntamientofantino.gob.do\/transparencia\/wp-json\/wp\/v2\/pages\/339\/revisions\/373"}],"wp:attachment":[{"href":"https:\/\/ayuntamientofantino.gob.do\/transparencia\/wp-json\/wp\/v2\/media?parent=339"}],"curies":[{"name":"wp","href":"https:\/\/api.w.org\/{rel}","templated":true}]}}